{"id":930,"date":"2014-03-25T16:52:23","date_gmt":"2014-03-25T19:52:23","guid":{"rendered":"http:\/\/wesee.anapaiva.me\/?page_id=646"},"modified":"2019-10-17T09:10:01","modified_gmt":"2019-10-17T12:10:01","slug":"we-see-2","status":"publish","type":"page","link":"https:\/\/ntjtec.com\/es\/we-see-2\/","title":{"rendered":"Ntjtec"},"content":{"rendered":"<p><\/p>\n<h3><strong>Nuestra Historia<\/strong><\/h3>\n<p>Nuestra primera marca naci\u00f3 en 1999, W!se Systems. Durante los diez primeros a\u00f1os, prestamos servicios de consultor\u00eda a la industria de energ\u00eda el\u00e9ctrica, principalmente en las \u00e1reas de generaci\u00f3n, comercializaci\u00f3n y distribuci\u00f3n de eletricidad.<\/p>\n<p>A partir de all\u00ed, dimos un salto y ampliamos nuestras actividades mediante la aplicaci\u00f3n de una nueva metodolog\u00eda con enfoque en el entendimiento de la evoluci\u00f3n de sistemas complejos en el tiempo:<\/p>\n<h4>El Pensamiento Sist\u00e9mico y la Din\u00e1mica de Sistemas.<\/h4>\n<p><a href=\"http:\/\/ntjtec.com\/wp-content\/uploads\/2019\/10\/unnamed.jpg\"><img decoding=\"async\" loading=\"lazy\" class=\"alignnone wp-image-1353 size-full\" src=\"http:\/\/ntjtec.com\/wp-content\/uploads\/2019\/10\/unnamed.jpg\" alt=\"\" width=\"630\" height=\"286\" srcset=\"https:\/\/ntjtec.com\/wp-content\/uploads\/2019\/10\/unnamed.jpg 630w, https:\/\/ntjtec.com\/wp-content\/uploads\/2019\/10\/unnamed-300x136.jpg 300w\" sizes=\"(max-width: 630px) 100vw, 630px\" \/><\/a><\/p>\n<p>Con esta metodolog\u00eda, buscamos ver el todo. Consideramos que el conocimiento se expande cuando varias mentes piensan en forma conjunta.Crecimos y nos transformamos. La marca W!se Systems dio lugar a otra, m\u00e1s innovadora, que se tradujo en nuestra nueva forma de pensar. Creamos WeSee, Visi\u00f3n Din\u00e1mica de Sistemas. Con ella, buscamos una nueva lectura de la ingenier\u00eda, econom\u00eda, biolog\u00eda y ciencias sociales. \u00a1Creemos que todos los sistemas pueden crecer y desarrollarse!<\/p>\n<p>Identificar una situaci\u00f3n con claridad y describirla con precisi\u00f3n implica cambios de paradigma, de modelo mental, m\u00e1s consciente. Y ese es el camino que elegimos para entender y explicar el mundo en lo que quiera que \u00e9ste se traduzca: ya sea en problemas de infraestructura \u2013 producci\u00f3n de electricidad, cuestiones de transportes -, o bien en cuestiones que involucren pol\u00edticas p\u00fablicas, sociales, de gesti\u00f3n empresarial y educaci\u00f3n.<\/p>\n<h5><strong>\u201cNada como buscar ver el todo\u201d.<\/strong><\/h5>\n<h3>Nuestra misi\u00f3n<\/h3>\n<p>\u201cPrestar servicios de forma \u00e9tica, estimulando la cortes\u00eda y la confianza entre los miembros del equipo y el cliente, mediante un trabajo placentero y tranquilo. Para alcanzar este objetivo, buscamos el respeto a las diversidades internas y externas, valorando talentos y el enfoque en la objetividad, con asertividad y sin procrastinaci\u00f3n\u201d.<\/p>","protected":false},"excerpt":{"rendered":"<p>Nuestra Historia Nuestra primera marca naci\u00f3 en 1999, W!se Systems. Durante los diez primeros a\u00f1os, prestamos servicios de consultor\u00eda a la industria de energ\u00eda el\u00e9ctrica, principalmente en las \u00e1reas de generaci\u00f3n, comercializaci\u00f3n y distribuci\u00f3n de eletricidad. A partir de all\u00ed, dimos un salto y ampliamos nuestras actividades mediante la aplicaci\u00f3n de una nueva metodolog\u00eda con [&hellip;]<\/p>\n","protected":false},"author":2,"featured_media":0,"parent":0,"menu_order":0,"comment_status":"closed","ping_status":"closed","template":"","meta":[],"yoast_head":"<!-- This site is optimized with the Yoast SEO plugin v21.8.1 - https:\/\/yoast.com\/wordpress\/plugins\/seo\/ -->\n<title>Ntjtec - Ntjtec<\/title>\n<meta name=\"robots\" content=\"index, follow, max-snippet:-1, max-image-preview:large, max-video-preview:-1\" \/>\n<link rel=\"canonical\" href=\"https:\/\/ntjtec.com\/we-see-2\/\" \/>\n<meta property=\"og:locale\" content=\"es_ES\" \/>\n<meta property=\"og:type\" content=\"article\" \/>\n<meta property=\"og:title\" content=\"Ntjtec - Ntjtec\" \/>\n<meta property=\"og:description\" content=\"Nuestra Historia Nuestra primera marca naci\u00f3 en 1999, W!se Systems. Durante los diez primeros a\u00f1os, prestamos servicios de consultor\u00eda a la industria de energ\u00eda el\u00e9ctrica, principalmente en las \u00e1reas de generaci\u00f3n, comercializaci\u00f3n y distribuci\u00f3n de eletricidad. A partir de all\u00ed, dimos un salto y ampliamos nuestras actividades mediante la aplicaci\u00f3n de una nueva metodolog\u00eda con [&hellip;]\" \/>\n<meta property=\"og:url\" content=\"https:\/\/ntjtec.com\/we-see-2\/\" \/>\n<meta property=\"og:site_name\" content=\"Ntjtec\" \/>\n<meta property=\"article:modified_time\" content=\"2019-10-17T12:10:01+00:00\" \/>\n<meta property=\"og:image\" content=\"http:\/\/ntjtec.com\/wp-content\/uploads\/2019\/10\/unnamed.jpg\" \/>\n<meta name=\"twitter:card\" content=\"summary_large_image\" \/>\n<meta name=\"twitter:label1\" content=\"Tiempo de lectura\" \/>\n\t<meta name=\"twitter:data1\" content=\"4 minutos\" \/>\n<script type=\"application\/ld+json\" class=\"yoast-schema-graph\">{\"@context\":\"https:\/\/schema.org\",\"@graph\":[{\"@type\":\"WebPage\",\"@id\":\"https:\/\/ntjtec.com\/we-see-2\/\",\"url\":\"https:\/\/ntjtec.com\/we-see-2\/\",\"name\":\"Ntjtec - Ntjtec\",\"isPartOf\":{\"@id\":\"https:\/\/ntjtec.com\/#website\"},\"datePublished\":\"2014-03-25T19:52:23+00:00\",\"dateModified\":\"2019-10-17T12:10:01+00:00\",\"breadcrumb\":{\"@id\":\"https:\/\/ntjtec.com\/we-see-2\/#breadcrumb\"},\"inLanguage\":\"es\",\"potentialAction\":[{\"@type\":\"ReadAction\",\"target\":[\"https:\/\/ntjtec.com\/we-see-2\/\"]}]},{\"@type\":\"BreadcrumbList\",\"@id\":\"https:\/\/ntjtec.com\/we-see-2\/#breadcrumb\",\"itemListElement\":[{\"@type\":\"ListItem\",\"position\":1,\"name\":\"In\u00edcio\",\"item\":\"https:\/\/ntjtec.com\/\"},{\"@type\":\"ListItem\",\"position\":2,\"name\":\"Ntjtec\"}]},{\"@type\":\"WebSite\",\"@id\":\"https:\/\/ntjtec.com\/#website\",\"url\":\"https:\/\/ntjtec.com\/\",\"name\":\"Ntjtec\",\"description\":\"\",\"potentialAction\":[{\"@type\":\"SearchAction\",\"target\":{\"@type\":\"EntryPoint\",\"urlTemplate\":\"https:\/\/ntjtec.com\/?s={search_term_string}\"},\"query-input\":\"required name=search_term_string\"}],\"inLanguage\":\"es\"}]}<\/script>\n<!-- \/ Yoast SEO plugin. -->","yoast_head_json":{"title":"Ntjtec - Ntjtec","robots":{"index":"index","follow":"follow","max-snippet":"max-snippet:-1","max-image-preview":"max-image-preview:large","max-video-preview":"max-video-preview:-1"},"canonical":"https:\/\/ntjtec.com\/we-see-2\/","og_locale":"es_ES","og_type":"article","og_title":"Ntjtec - Ntjtec","og_description":"Nuestra Historia Nuestra primera marca naci\u00f3 en 1999, W!se Systems. Durante los diez primeros a\u00f1os, prestamos servicios de consultor\u00eda a la industria de energ\u00eda el\u00e9ctrica, principalmente en las \u00e1reas de generaci\u00f3n, comercializaci\u00f3n y distribuci\u00f3n de eletricidad. A partir de all\u00ed, dimos un salto y ampliamos nuestras actividades mediante la aplicaci\u00f3n de una nueva metodolog\u00eda con [&hellip;]","og_url":"https:\/\/ntjtec.com\/we-see-2\/","og_site_name":"Ntjtec","article_modified_time":"2019-10-17T12:10:01+00:00","og_image":[{"url":"http:\/\/ntjtec.com\/wp-content\/uploads\/2019\/10\/unnamed.jpg"}],"twitter_card":"summary_large_image","twitter_misc":{"Tiempo de lectura":"4 minutos"},"schema":{"@context":"https:\/\/schema.org","@graph":[{"@type":"WebPage","@id":"https:\/\/ntjtec.com\/we-see-2\/","url":"https:\/\/ntjtec.com\/we-see-2\/","name":"Ntjtec - Ntjtec","isPartOf":{"@id":"https:\/\/ntjtec.com\/#website"},"datePublished":"2014-03-25T19:52:23+00:00","dateModified":"2019-10-17T12:10:01+00:00","breadcrumb":{"@id":"https:\/\/ntjtec.com\/we-see-2\/#breadcrumb"},"inLanguage":"es","potentialAction":[{"@type":"ReadAction","target":["https:\/\/ntjtec.com\/we-see-2\/"]}]},{"@type":"BreadcrumbList","@id":"https:\/\/ntjtec.com\/we-see-2\/#breadcrumb","itemListElement":[{"@type":"ListItem","position":1,"name":"In\u00edcio","item":"https:\/\/ntjtec.com\/"},{"@type":"ListItem","position":2,"name":"Ntjtec"}]},{"@type":"WebSite","@id":"https:\/\/ntjtec.com\/#website","url":"https:\/\/ntjtec.com\/","name":"Ntjtec","description":"","potentialAction":[{"@type":"SearchAction","target":{"@type":"EntryPoint","urlTemplate":"https:\/\/ntjtec.com\/?s={search_term_string}"},"query-input":"required name=search_term_string"}],"inLanguage":"es"}]}},"_links":{"self":[{"href":"https:\/\/ntjtec.com\/es\/wp-json\/wp\/v2\/pages\/930"}],"collection":[{"href":"https:\/\/ntjtec.com\/es\/wp-json\/wp\/v2\/pages"}],"about":[{"href":"https:\/\/ntjtec.com\/es\/wp-json\/wp\/v2\/types\/page"}],"author":[{"embeddable":true,"href":"https:\/\/ntjtec.com\/es\/wp-json\/wp\/v2\/users\/2"}],"replies":[{"embeddable":true,"href":"https:\/\/ntjtec.com\/es\/wp-json\/wp\/v2\/comments?post=930"}],"version-history":[{"count":26,"href":"https:\/\/ntjtec.com\/es\/wp-json\/wp\/v2\/pages\/930\/revisions"}],"predecessor-version":[{"id":1359,"href":"https:\/\/ntjtec.com\/es\/wp-json\/wp\/v2\/pages\/930\/revisions\/1359"}],"wp:attachment":[{"href":"https:\/\/ntjtec.com\/es\/wp-json\/wp\/v2\/media?parent=930"}],"curies":[{"name":"wp","href":"https:\/\/api.w.org\/{rel}","templated":true}]}}