{"id":539,"date":"2014-03-23T21:21:04","date_gmt":"2014-03-24T00:21:04","guid":{"rendered":"http:\/\/wesee.anapaiva.me\/?page_id=539"},"modified":"2016-07-01T07:43:45","modified_gmt":"2016-07-01T10:43:45","slug":"servicos","status":"publish","type":"page","link":"https:\/\/ntjtec.com\/es\/servicos\/","title":{"rendered":"\u00bfQu\u00e9 hacemos?"},"content":{"rendered":"<p><\/p>\n<h3 style=\"text-align: left;\">Nuestro trabajo se divide en dos \u00e1reas principales:<\/h3>\n<h4 style=\"text-align: left;\"><strong>1.<\/strong> Consultor\u00eda<br \/>\n<strong>2.<\/strong>\u00a0Proyectos de Investigaci\u00f3n y Desarrollo<\/h4>\n<p style=\"text-align: left;\"><a style=\"line-height: 1.5em;\" href=\"https:\/\/www.wesee.eng.br\/wp-content\/uploads\/2014\/03\/atuacao-wesee.jpg\"><img decoding=\"async\" loading=\"lazy\" class=\"alignnone wp-image-540 size-full\" src=\"https:\/\/www.wesee.eng.br\/wp-content\/uploads\/2014\/03\/atuacao-wesee.jpg\" alt=\"atuacao-wesee\" width=\"1000\" height=\"368\" srcset=\"https:\/\/ntjtec.com\/wp-content\/uploads\/2014\/03\/atuacao-wesee.jpg 1000w, https:\/\/ntjtec.com\/wp-content\/uploads\/2014\/03\/atuacao-wesee-300x110.jpg 300w\" sizes=\"(max-width: 1000px) 100vw, 1000px\" \/><\/a><\/p>\n<h4 style=\"text-align: left;\">Conozca m\u00e1s sobre cada una de ellas y si\u00e9ntase a gusto para fijar un encuentro con nuestro equipo.\u00a1Tendremos la satisfacci\u00f3n en presentarle los detalles de nuestra manera de actuar!<\/h4>\n<h3 style=\"text-align: left;\"><strong>Consultor\u00eda en asuntos regulatorios<\/strong><\/h3>\n<p style=\"text-align: left;\">Nuestro equipo cuenta con especialistas de diversas \u00e1reas de consultor\u00eda, entre ellas:las \u00e1reas jur\u00eddica, operacional (t\u00e9cnica y comercial) y ambiental. Adem\u00e1s, realizamos estudios para el desarrollo de productos, capacitaci\u00f3n y actuamos en \u00e1reas con necesidades espec\u00edficas de la industria de energ\u00eda. \u00a1Conozca mejor cada una de ellas!<\/p>\n<h3 style=\"text-align: left;\"><strong>Consultor\u00eda Jur\u00eddica<\/strong><\/h3>\n<p>Comenzando por el seguimiento diario a las normativas jur\u00eddicas que incluyen leyes y decretos, brindamos consultor\u00eda en todas las etapas necesarias, incluso, la regulaci\u00f3n y publicaci\u00f3n de precios de las generadoras accionistas.<\/p>\n<p>Participamos en arbitrajes mediante peritaje t\u00e9cnico.<\/p>\n<p>Brindamos apoyo integral en la actuaci\u00f3n estrat\u00e9gica relacionadas a demandas judiciales que involucren a nuestros clientes. Pudimos elaborar esta orientaci\u00f3n porque contamos con la especializaci\u00f3n y el conocimiento de las etapas del proceso, y tambi\u00e9n porque buscamos las evidencias t\u00e9cnicas para fundamentar cada paso<span style=\"line-height: 1.5;\">.<\/span><\/p>\n<h3 style=\"text-align: left;\"><strong>Consultor\u00eda T\u00e9cnica y Comercial<\/strong><\/h3>\n<p style=\"text-align: left;\">Nuestro equipo cuenta con una profesional que es adem\u00e1s auditora de la C\u00e1mara de Comercializaci\u00f3n de Energ\u00eda El\u00e9ctrica \u2013 CCEE. Asimismo, hemos desarrollado un software propio para sustentar nuestras decisiones y orientaciones.<\/p>\n<p>Realizamos estudios en energ\u00eda, que incluyen an\u00e1lisis de viabilidad econ\u00f3mica-financiera de emprendimientos de generaci\u00f3n, previsi\u00f3n de precio en el mercado de corto plazo, evaluaci\u00f3n de planes decenales de expansi\u00f3n de energ\u00eda, previsi\u00f3n de despacho termoel\u00e9ctrico, apoyo a las subastas de energ\u00eda, estudios energ\u00e9ticos e hidrol\u00f3gicos en general, estudios de planificaci\u00f3n de la operaci\u00f3n, estudios de confiabilidad de generaci\u00f3n y transmisi\u00f3n de energ\u00eda.<\/p>\n<p>Realizamos estudios y formulaci\u00f3n de estrat\u00e9gias de comercializaci\u00f3n de energ\u00eda y evaluaci\u00f3n de activos vinculados al sector el\u00e9ctrico.<\/p>\n<p>En el \u00e1rea de desarrollo de productos, somos especialistas en el desarrollo de simuladores din\u00e1micos que tienen por objeto modelar el comportamiento de sistemas espec\u00edficos tales como: gesti\u00f3n de recursos financieros o humanos, medio ambiente, infraestructura, eletricidad, entre otros. Desarrollamos simuladores para operaci\u00f3n de PCH\u2019s, modelos de gesti\u00f3n para plantas de biomasa y adem\u00e1s modelos din\u00e1micos de gesti\u00f3n de portafolios de activos en el Sector El\u00e9ctrico.<\/p>\n<h3 style=\"text-align: left;\"><strong>Capacitaci\u00f3n en Sistemas de Energ\u00eda El\u00e9ctrica<\/strong><\/h3>\n<p style=\"text-align: left;\">En el \u00e1rea de formaci\u00f3n, brindamos capacitaci\u00f3n tecnol\u00f3gica para el uso de herramientas del sector el\u00e9ctrico como NEWAVE, DECOMP y MSUI, adem\u00e1s de la capacitaci\u00f3n t\u00e9cnica enfocada en aspectos como: generaci\u00f3n, comercializaci\u00f3n, planificaci\u00f3n de sistemas, entre otros.<\/p>\n<h3 style=\"text-align: left;\"><strong>Capacitaci\u00f3n en Din\u00e1mica de Sistemas<\/strong><\/h3>\n<p>Realizamos la Capacitaci\u00f3n en Din\u00e1mica de Sistemas, a trav\u00e9s de materiales did\u00e1cticos espec\u00edficos y softwares de apoyo como Vensim y Stella.<\/p>\n<p>Se destaca para facilitaci\u00f3n y capacitaci\u00f3n el Beer Game.<\/p>\n<h3><strong>Investigaci\u00f3n y Desarrollo<\/strong><\/h3>\n<p>El \u00e1rea de energ\u00eda pasa por constantes innovaciones. En definitiva, algunas empresas de energ\u00eda destinan un 1,5% de su ingresos brutos operacionales a las investigaciones, de acuerdo a la obligatoriedad regulatoria. Entendemos que esta \u00e1rea representa una gran oportunidad para clientes y asociados. \u00a1Y sentimos gran entusiasmo al participar de desafios!<\/p>\n<p>Realizamos proyectos de I+D en el \u00e1rea de generaci\u00f3n\/distribuci\u00f3n de energ\u00eda.<\/p>","protected":false},"excerpt":{"rendered":"<p>Nuestro trabajo se divide en dos \u00e1reas principales: 1. Consultor\u00eda 2.\u00a0Proyectos de Investigaci\u00f3n y Desarrollo Conozca m\u00e1s sobre cada una de ellas y si\u00e9ntase a gusto para fijar un encuentro con nuestro equipo.\u00a1Tendremos la satisfacci\u00f3n en presentarle los detalles de nuestra manera de actuar! Consultor\u00eda en asuntos regulatorios Nuestro equipo cuenta con especialistas de diversas [&hellip;]<\/p>\n","protected":false},"author":2,"featured_media":0,"parent":0,"menu_order":0,"comment_status":"open","ping_status":"closed","template":"","meta":[],"yoast_head":"<!-- This site is optimized with the Yoast SEO plugin v21.8.1 - https:\/\/yoast.com\/wordpress\/plugins\/seo\/ -->\n<title>\u00bfQu\u00e9 hacemos? - Ntjtec<\/title>\n<meta name=\"robots\" content=\"index, follow, max-snippet:-1, max-image-preview:large, max-video-preview:-1\" \/>\n<link rel=\"canonical\" href=\"https:\/\/ntjtec.com\/servicos\/\" \/>\n<meta property=\"og:locale\" content=\"es_ES\" \/>\n<meta property=\"og:type\" content=\"article\" \/>\n<meta property=\"og:title\" content=\"\u00bfQu\u00e9 hacemos? - Ntjtec\" \/>\n<meta property=\"og:description\" content=\"Nuestro trabajo se divide en dos \u00e1reas principales: 1. Consultor\u00eda 2.\u00a0Proyectos de Investigaci\u00f3n y Desarrollo Conozca m\u00e1s sobre cada una de ellas y si\u00e9ntase a gusto para fijar un encuentro con nuestro equipo.\u00a1Tendremos la satisfacci\u00f3n en presentarle los detalles de nuestra manera de actuar! Consultor\u00eda en asuntos regulatorios Nuestro equipo cuenta con especialistas de diversas [&hellip;]\" \/>\n<meta property=\"og:url\" content=\"https:\/\/ntjtec.com\/servicos\/\" \/>\n<meta property=\"og:site_name\" content=\"Ntjtec\" \/>\n<meta property=\"article:modified_time\" content=\"2016-07-01T10:43:45+00:00\" \/>\n<meta property=\"og:image\" content=\"https:\/\/www.wesee.eng.br\/wp-content\/uploads\/2014\/03\/atuacao-wesee.jpg\" \/>\n<meta name=\"twitter:card\" content=\"summary_large_image\" \/>\n<meta name=\"twitter:label1\" content=\"Tiempo de lectura\" \/>\n\t<meta name=\"twitter:data1\" content=\"8 minutos\" \/>\n<script type=\"application\/ld+json\" class=\"yoast-schema-graph\">{\"@context\":\"https:\/\/schema.org\",\"@graph\":[{\"@type\":\"WebPage\",\"@id\":\"https:\/\/ntjtec.com\/servicos\/\",\"url\":\"https:\/\/ntjtec.com\/servicos\/\",\"name\":\"\u00bfQu\u00e9 hacemos? - Ntjtec\",\"isPartOf\":{\"@id\":\"https:\/\/ntjtec.com\/#website\"},\"datePublished\":\"2014-03-24T00:21:04+00:00\",\"dateModified\":\"2016-07-01T10:43:45+00:00\",\"breadcrumb\":{\"@id\":\"https:\/\/ntjtec.com\/servicos\/#breadcrumb\"},\"inLanguage\":\"es\",\"potentialAction\":[{\"@type\":\"ReadAction\",\"target\":[\"https:\/\/ntjtec.com\/servicos\/\"]}]},{\"@type\":\"BreadcrumbList\",\"@id\":\"https:\/\/ntjtec.com\/servicos\/#breadcrumb\",\"itemListElement\":[{\"@type\":\"ListItem\",\"position\":1,\"name\":\"In\u00edcio\",\"item\":\"https:\/\/ntjtec.com\/\"},{\"@type\":\"ListItem\",\"position\":2,\"name\":\"Servi\u00e7os\"}]},{\"@type\":\"WebSite\",\"@id\":\"https:\/\/ntjtec.com\/#website\",\"url\":\"https:\/\/ntjtec.com\/\",\"name\":\"Ntjtec\",\"description\":\"\",\"potentialAction\":[{\"@type\":\"SearchAction\",\"target\":{\"@type\":\"EntryPoint\",\"urlTemplate\":\"https:\/\/ntjtec.com\/?s={search_term_string}\"},\"query-input\":\"required name=search_term_string\"}],\"inLanguage\":\"es\"}]}<\/script>\n<!-- \/ Yoast SEO plugin. -->","yoast_head_json":{"title":"\u00bfQu\u00e9 hacemos? - Ntjtec","robots":{"index":"index","follow":"follow","max-snippet":"max-snippet:-1","max-image-preview":"max-image-preview:large","max-video-preview":"max-video-preview:-1"},"canonical":"https:\/\/ntjtec.com\/servicos\/","og_locale":"es_ES","og_type":"article","og_title":"\u00bfQu\u00e9 hacemos? - Ntjtec","og_description":"Nuestro trabajo se divide en dos \u00e1reas principales: 1. Consultor\u00eda 2.\u00a0Proyectos de Investigaci\u00f3n y Desarrollo Conozca m\u00e1s sobre cada una de ellas y si\u00e9ntase a gusto para fijar un encuentro con nuestro equipo.\u00a1Tendremos la satisfacci\u00f3n en presentarle los detalles de nuestra manera de actuar! Consultor\u00eda en asuntos regulatorios Nuestro equipo cuenta con especialistas de diversas [&hellip;]","og_url":"https:\/\/ntjtec.com\/servicos\/","og_site_name":"Ntjtec","article_modified_time":"2016-07-01T10:43:45+00:00","og_image":[{"url":"https:\/\/www.wesee.eng.br\/wp-content\/uploads\/2014\/03\/atuacao-wesee.jpg"}],"twitter_card":"summary_large_image","twitter_misc":{"Tiempo de lectura":"8 minutos"},"schema":{"@context":"https:\/\/schema.org","@graph":[{"@type":"WebPage","@id":"https:\/\/ntjtec.com\/servicos\/","url":"https:\/\/ntjtec.com\/servicos\/","name":"\u00bfQu\u00e9 hacemos? - Ntjtec","isPartOf":{"@id":"https:\/\/ntjtec.com\/#website"},"datePublished":"2014-03-24T00:21:04+00:00","dateModified":"2016-07-01T10:43:45+00:00","breadcrumb":{"@id":"https:\/\/ntjtec.com\/servicos\/#breadcrumb"},"inLanguage":"es","potentialAction":[{"@type":"ReadAction","target":["https:\/\/ntjtec.com\/servicos\/"]}]},{"@type":"BreadcrumbList","@id":"https:\/\/ntjtec.com\/servicos\/#breadcrumb","itemListElement":[{"@type":"ListItem","position":1,"name":"In\u00edcio","item":"https:\/\/ntjtec.com\/"},{"@type":"ListItem","position":2,"name":"Servi\u00e7os"}]},{"@type":"WebSite","@id":"https:\/\/ntjtec.com\/#website","url":"https:\/\/ntjtec.com\/","name":"Ntjtec","description":"","potentialAction":[{"@type":"SearchAction","target":{"@type":"EntryPoint","urlTemplate":"https:\/\/ntjtec.com\/?s={search_term_string}"},"query-input":"required name=search_term_string"}],"inLanguage":"es"}]}},"_links":{"self":[{"href":"https:\/\/ntjtec.com\/es\/wp-json\/wp\/v2\/pages\/539"}],"collection":[{"href":"https:\/\/ntjtec.com\/es\/wp-json\/wp\/v2\/pages"}],"about":[{"href":"https:\/\/ntjtec.com\/es\/wp-json\/wp\/v2\/types\/page"}],"author":[{"embeddable":true,"href":"https:\/\/ntjtec.com\/es\/wp-json\/wp\/v2\/users\/2"}],"replies":[{"embeddable":true,"href":"https:\/\/ntjtec.com\/es\/wp-json\/wp\/v2\/comments?post=539"}],"version-history":[{"count":54,"href":"https:\/\/ntjtec.com\/es\/wp-json\/wp\/v2\/pages\/539\/revisions"}],"predecessor-version":[{"id":1252,"href":"https:\/\/ntjtec.com\/es\/wp-json\/wp\/v2\/pages\/539\/revisions\/1252"}],"wp:attachment":[{"href":"https:\/\/ntjtec.com\/es\/wp-json\/wp\/v2\/media?parent=539"}],"curies":[{"name":"wp","href":"https:\/\/api.w.org\/{rel}","templated":true}]}}