{"id":333,"date":"2014-02-13T19:42:15","date_gmt":"2014-02-13T19:42:15","guid":{"rendered":"http:\/\/wesee.anapaiva.me\/?page_id=333"},"modified":"2019-12-02T19:17:38","modified_gmt":"2019-12-02T22:17:38","slug":"nosso-time","status":"publish","type":"page","link":"https:\/\/ntjtec.com\/es\/nosso-time\/","title":{"rendered":"Nuestro equipo"},"content":{"rendered":"<p><\/p>\n<h3><strong style=\"line-height: 1.5em;\"><a href=\"https:\/\/www.wesee.eng.br\/wp-content\/uploads\/2013\/12\/01-Ivana-site.jpg\"><img decoding=\"async\" loading=\"lazy\" class=\"alignleft size-thumbnail wp-image-487\" src=\"https:\/\/www.wesee.eng.br\/wp-content\/uploads\/2013\/12\/01-Ivana-site-150x150.jpg\" alt=\"Ivana Nasser\" width=\"150\" height=\"150\" srcset=\"https:\/\/ntjtec.com\/wp-content\/uploads\/2013\/12\/01-Ivana-site-150x150.jpg 150w, https:\/\/ntjtec.com\/wp-content\/uploads\/2013\/12\/01-Ivana-site-100x100.jpg 100w, https:\/\/ntjtec.com\/wp-content\/uploads\/2013\/12\/01-Ivana-site.jpg 289w\" sizes=\"(max-width: 150px) 100vw, 150px\" \/><\/a>Ivana Costa Nasser<\/strong><\/h3>\n<p style=\"text-align: left;\"><span style=\"line-height: 1.5em;\">Ingeniera Electricista, graduada en la Universidad Federal de Rio de Janeiro en 1981. En la Universidad Estatal de Campinas (Unicamp), en 1992, hizo el Curso Avanzado de Operaci\u00f3n de Sistemas de Potencia y un M\u00e1ster en Ingenier\u00eda de Sistemas. En el Curso de Extensi\u00f3n en Derecho de Electricidad, en la Universidad Candido Mendes, en 2007, obtuvo la m\u00e1xima puntuaci\u00f3n en la monograf\u00eda \u201cAn\u00e1lisis de la viabilidad legal para la inclusi\u00f3n de elementos de mercado en el c\u00e1lculo del PLD.\u201d En 2010, tuvo su primer contacto m\u00e1s profundo con la Din\u00e1mica de Sistemas a trav\u00e9s de un curso de aprendizaje a distancia, realizado en la Universidad de Catalu\u00f1a. Asisti\u00f3 en 2013 al Curso de Especializaci\u00f3n en Modelado de Sistemas Complejos, desarrollado por UNB (Universidad de Brasilia), en colaboraci\u00f3n con la Duke University. Trabaj\u00f3 en el Centro de Investigaciones Energ\u00e9ticas, CEPEL, en el Grupo de Sistemas de Planificaci\u00f3n (Laboratorio de Sistemas). En Copel (Companh\u00eda de Energ\u00eda del estado de Paran\u00e1), trabaj\u00f3 m\u00e1s de 16 a\u00f1os en las \u00e1reas de Planificaci\u00f3n Energ\u00e9tica, Fiabilidad de la Generaci\u00f3n, Investigaci\u00f3n de operaciones, Valoraci\u00f3n de Activos. Se destac\u00f3 por la direcci\u00f3n del proyecto de energ\u00eda desarrollado por Copel, en colaboraci\u00f3n con Duke Energy International, para la evaluaci\u00f3n de la empresa Gerasul en 1998. En 1999 fund\u00f3 su propia compa\u00f1\u00eda, la empresa W!se Systems, un grupo de consultor\u00eda en energ\u00eda, que se convirti\u00f3 en el actual grupo WeSee Vis\u00e3o Din\u00e2mica de Sistemas. Como habilidades complementarias, le gusta dibujar y hacer proyectos en patchwork; escribir poemas (su primer libro, Horas a Fio, fue publicado en 2008 por la Almenara Editorial); tocar el piano y bailar flamenco.<\/span><\/p>\n<p style=\"text-align: left;\"><strong><span style=\"line-height: 1.5em;\"><a title=\"Linkedin Ivana\" href=\"http:\/\/br.linkedin.com\/pub\/ivana-costa-nasser\/19\/59b\/965\" target=\"_blank\" rel=\"noopener noreferrer\">LinkedIn Ivana<\/a><\/span><\/strong><\/p>\n<hr \/>\n<h3 style=\"text-align: left;\"><strong><br \/><a href=\"https:\/\/www.wesee.eng.br\/wp-content\/uploads\/2013\/12\/03-Marciano-site.jpg\"><img decoding=\"async\" loading=\"lazy\" class=\"alignleft size-thumbnail wp-image-489\" src=\"https:\/\/www.wesee.eng.br\/wp-content\/uploads\/2013\/12\/03-Marciano-site-150x150.jpg\" alt=\"Marciano Morozowski\" width=\"150\" height=\"150\" srcset=\"https:\/\/ntjtec.com\/wp-content\/uploads\/2013\/12\/03-Marciano-site-150x150.jpg 150w, https:\/\/ntjtec.com\/wp-content\/uploads\/2013\/12\/03-Marciano-site-100x100.jpg 100w, https:\/\/ntjtec.com\/wp-content\/uploads\/2013\/12\/03-Marciano-site.jpg 289w\" sizes=\"(max-width: 150px) 100vw, 150px\" \/><\/a>Marciano Morozowski Filho<\/strong><\/h3>\n<p>El profesor Morozowski es un Ingeniero El\u00e9ctrico, opci\u00f3n Power Systems, de la Universidad Federal de Paran\u00e1, donde se gradu\u00f3 en 1970. Obtuvo el grado de M\u00e1ster of Science (M.Sc.) en COPPE\/UFRJ en 1973 , en el \u00e1rea de Sistemas de Potencia y un doctorado en Ingenier\u00eda de Sistemas y Computaci\u00f3n, tambi\u00e9n en la COPPE\/UFRJ, en 1995. De 1972 a 1975 fue profesor de la UFRJ , Departamento de Ingenier\u00eda El\u00e9ctrica y el Programa de Ingenier\u00eda El\u00e9ctrica de la COPPE\/UFRJ . De 1973 a 1975, desarroll\u00f3 actividades de consultor\u00eda en PTEL , asociado con la empresa consultora PTI \u2013 Power Technologies Inc., donde particip\u00f3 en diversos estudios de planificaci\u00f3n de la generaci\u00f3n y transmisi\u00f3n de grandes sistemas. De 1976 a 1991, ejerci\u00f3 su actividad profesional en Eletrosul, la antigua generaci\u00f3n de negocios y la transmisi\u00f3n en el sur de Brasil, donde desarroll\u00f3 y coordin\u00f3 los estudios en las \u00e1reas de mercado, generaci\u00f3n y transmisi\u00f3n de electricidad. En 1978 fue admitido como profesor en el Departamento de Ingenier\u00eda El\u00e9ctrica de la Universidad Federal de Santa Catarina, a tiempo parcial , donde los cursos pioneros implementados en las \u00e1reas de planificaci\u00f3n energ\u00e9tica y t\u00e9cnicas computacionales. De 1988 a 1991 fue investigador de Cepel , donde coordin\u00f3 el desarrollo del modelo NH2, la fiabilidad de los sistemas compuestos (generaci\u00f3n + transmisi\u00f3n). Todav\u00eda en Cepel , coordinando el desarrollo del modelo PRIOT para priorizar obras de transmisi\u00f3n. De 1991 a 1998, desarroll\u00f3 su carrera acad\u00e9mica en el Departamento de Ingenier\u00eda El\u00e9ctrica de la UFSC en dedicaci\u00f3n exclusiva, para concluir en 1995 su proyecto de tesis doctoral. En 1997, obtuvo su grado de Profesor Titular del Departamento de Ingenier\u00eda El\u00e9ctrica de la UFSC. De julio a diciembre de 2000, particip\u00f3, en el MME, del proyecto RESEB -COM, que ten\u00eda por objeto complementar y proponer soluciones a los problemas no resueltos en el proyecto RE- SEB. Fue consultor Lactec de enero 2001 a enero de 2002, donde implement\u00f3 y apoy\u00f3 al graduado de la universidad t\u00e9cnica de Ingenier\u00eda, Operaciones y Marketing en la Industria de Energ\u00eda El\u00e9ctrica (CPOC ), con el apoyo institucional de la UFPR. Entre julio de 2001 junio de 2002, coordin\u00f3 el Comit\u00e9 T\u00e9cnico CT2 (Planificaci\u00f3n de Suministro El\u00e9ctrico) del CNPE \u2013 Consejo Nacional de Pol\u00edtica Energ\u00e9tica. Volvi\u00f3 a coordinar la CT2\/CNPE en el per\u00edodo de agosto a diciembre de 2002 , bajo el enfoque de la planificaci\u00f3n del suministro de energ\u00eda nacional. De septiembre a noviembre de 2002, particip\u00f3 en el Grupo de Trabajo 4 , GT4 \u2013 Se\u00f1ales de Advertencia de Riesgo de Restricciones al Suministro de Electricidad y las posibles medidas correctoras de mercado bajo el modelo del Comit\u00e9 de Reactivaci\u00f3n del Sector El\u00e9ctrico , creado por Resoluci\u00f3n GCE No. 05 del 06 de septiembre de 2002. En enero de 2003, se uni\u00f3 al grupo de trabajo encargado de formular el nuevo modelo institucional del sector el\u00e9ctrico , terminado en noviembre de 2003, coordinado por el MME. De abril a julio de 2004, fue consultor del Banco Mundial, en trabajo de apoyo de la MME , el an\u00e1lisis de los efectos de la segmentaci\u00f3n del mercado de suministro. De agosto a septiembre de 2004, fue consultor del Banco Mundial, tambi\u00e9n para el MME, con el tema \u201cManejo de la Congesti\u00f3n\u201d . De 2001 a 2007 fue Profesor Titular en la Universidad del Salvador (Unifacs), en el Curso de Maestr\u00eda en Regulaci\u00f3n de la Industria de la Energ\u00eda. De agosto a diciembre de 2009 fue profesor visitante de Postgrado en Ingenier\u00eda El\u00e9ctrica en la UFPR. De marzo 2010 a julio 2011 , se desempe\u00f1\u00f3 como asesor del Presidente de la EPE \u2013 Empresa de Investigaci\u00f3n Energ\u00e9tica, en R\u00edo de Janeiro y Brasilia, donde coordin\u00f3 la preparaci\u00f3n del libro \u201cNuevo Modelo del Sector El\u00e9ctrico\u201d, publicado en 2011. En EPE tambi\u00e9n era t\u00e9cnicamente responsable de la versi\u00f3n internacional del mismo libro, publicado en 2012 , titulado \u201cLa Reforma del Sector El\u00e9ctrico en Brasil\u201d. Actualmente desarrolla trabajos de consultor\u00eda y desarrolla proyectos en Investigaci\u00f3n y Desarrollo para varias entidades en el sector de la energ\u00eda (APINE, ABRAGE, CESP, TRACTEBEL, DUKE, entre otros). En el \u00e1mbito acad\u00e9mico , es asesor de tesis de maestr\u00eda en el marco del Postgrado en Ingenier\u00eda El\u00e9ctrica de la UFPR. Es miembro de la Sociedad de la Din\u00e1mica de Sistemas, donde actualmente es miembro del Consejo Director del Cap\u00edtulo Brasile\u00f1o de la Sociedad de Din\u00e1mica de Sistemas. Es tambi\u00e9n Miembro Senior del IEEE \u2013 Instituto de Ingenieros El\u00e9ctricos y Electr\u00f3nicos. \u00c9l es el autor de un libro sobre t\u00e9cnicas computacionales (\u201cMatrices Dispersas en Redes de Potencia) y autor o co-autor de m\u00e1s de un centenar de documentos t\u00e9cnicos en congresos y revistas especializadas.<\/p>\n<p><a title=\"Linkedin Marciano\" href=\"http:\/\/www.linkedin.com\/in\/marcianomorozowski\" target=\"_blank\" rel=\"noopener noreferrer\"><strong>LinkedIn Marciano<\/strong><\/a><\/p>\n<hr \/>\n<h3><strong><img decoding=\"async\" loading=\"lazy\" class=\"alignleft wp-image-1382 size-thumbnail\" src=\"http:\/\/ntjtec.com\/wp-content\/uploads\/2019\/12\/02-cesar-site1-150x150.jpg\" alt=\"\" width=\"150\" height=\"150\" srcset=\"https:\/\/ntjtec.com\/wp-content\/uploads\/2019\/12\/02-cesar-site1-150x150.jpg 150w, https:\/\/ntjtec.com\/wp-content\/uploads\/2019\/12\/02-cesar-site1-100x100.jpg 100w, https:\/\/ntjtec.com\/wp-content\/uploads\/2019\/12\/02-cesar-site1.jpg 294w\" sizes=\"(max-width: 150px) 100vw, 150px\" \/>Cesar Lucio Corr\u00eaa de S\u00e1 Jr.<\/strong><\/h3>\n<p>Consultor Senior, especialista en energ\u00eda. Tiene Maestr\u00eda en Ingenier\u00eda de Sistemas, UNICAMP, y MBA en la Industria de Electricidad, UFRJ, trabajando en la planificaci\u00f3n de la energ\u00eda, el comercio y las cuestiones regulatorias. Desde 1984 ha trabajado para una variedad de actores del mercado. En Eletrobr\u00e1s ha trabajado como ingeniero de sistemas en desarrollo de modelos de simulaci\u00f3n y metodolog\u00edas para apoyar los estudios de planificaci\u00f3n y fiabilidad del suministro de energ\u00eda. Fue responsable por la coordinaci\u00f3n del desarrollo de los modelos DECOMP y CONFINT, y sus procedimientos de aplicaci\u00f3n en la cadena de planificaci\u00f3n de la operaci\u00f3n. Trabaj\u00f3 para ONS y comenz\u00f3 el proceso de validaci\u00f3n del modelo DECOMP. Volvi\u00f3 a Eletrobr\u00e1s, como co-director del Equipo de Expansi\u00f3n de Energ\u00eda, responsable por los estudios de viabilidad de nuevas centrales hidroel\u00e9ctricas y t\u00e9rmicas. En 2000 comenz\u00f3 la primera fase de experiencia en consultor\u00eda, en PA Consulting en Brasil. En este a\u00f1o trabaj\u00f3 para ASMAE en el proceso de implementaci\u00f3n del modelo DECOMP. Desde mediados de 2000 hasta 2005 trabaj\u00f3 como consultor independiente para diferentes agentes y empresas, como ONS, CCEE, Andrade y Canellas, siendo responsable de la planificaci\u00f3n de la energ\u00eda y los procesos de adquisiciones, cambios regulatorios, estrategias de negociaci\u00f3n. De 2005 a 2008 trabaj\u00f3 para EDP en la unidad de comercializaci\u00f3n de energ\u00eda, como middle-officer, a cargo de la gesti\u00f3n del riesgo de la cartera, el apoyo para operaciones estructuradas de energ\u00eda. En 2008, como jefe de la unidad de energ\u00eda, se uni\u00f3 a Brenco, que fue creando construyendo plantas industriales con base en ca\u00f1a de az\u00facar, para producir etanol y electricidad. A cargo de las cuestiones comerciales y reglamentarias, trabaj\u00f3 para la participaci\u00f3n en licitaci\u00f3n de energ\u00eda, desarrollo de la estrategia comercial, soluciones de interconexi\u00f3n en redes de transmisi\u00f3n, y gesti\u00f3n de los contratos. En 2010, despu\u00e9s de la fusi\u00f3n con ETH (Odebrecht Agroindustrial) se hizo responsable por la gesti\u00f3n comercial de 9 plantas de cogeneraci\u00f3n, y los contratos de licitaci\u00f3n de energ\u00eda. Desde 2013, se uni\u00f3 a WeSee y ha desarrollado estudios de monitoreo de las condiciones de suministro de energ\u00eda, estrategias de comercializaci\u00f3n de energ\u00eda, negociaci\u00f3n de contratos, cambios regulatorios y estudios de planificaci\u00f3n energ\u00e9tica.<\/p>\n<p><strong><a href=\"https:\/\/www.linkedin.com\/in\/cesarsa\/\">LinkedIn Cesar<\/a> <\/strong><\/p>\n\n\n<p><\/p>","protected":false},"excerpt":{"rendered":"<p>Ivana Costa Nasser Ingeniera Electricista, graduada en la Universidad Federal de Rio de Janeiro en 1981. En la Universidad Estatal de Campinas (Unicamp), en 1992, hizo el Curso Avanzado de Operaci\u00f3n de Sistemas de Potencia y un M\u00e1ster en Ingenier\u00eda de Sistemas. En el Curso de Extensi\u00f3n en Derecho de Electricidad, en la Universidad Candido [&hellip;]<\/p>\n","protected":false},"author":2,"featured_media":0,"parent":0,"menu_order":0,"comment_status":"open","ping_status":"closed","template":"","meta":[],"yoast_head":"<!-- This site is optimized with the Yoast SEO plugin v21.8.1 - https:\/\/yoast.com\/wordpress\/plugins\/seo\/ -->\n<title>Nuestro equipo - Ntjtec<\/title>\n<meta name=\"robots\" content=\"index, follow, max-snippet:-1, max-image-preview:large, max-video-preview:-1\" \/>\n<link rel=\"canonical\" href=\"https:\/\/ntjtec.com\/en\/nosso-time\/\" \/>\n<meta property=\"og:locale\" content=\"es_ES\" \/>\n<meta property=\"og:type\" content=\"article\" \/>\n<meta property=\"og:title\" content=\"Nuestro equipo - Ntjtec\" \/>\n<meta property=\"og:description\" content=\"Ivana Costa Nasser Ingeniera Electricista, graduada en la Universidad Federal de Rio de Janeiro en 1981. En la Universidad Estatal de Campinas (Unicamp), en 1992, hizo el Curso Avanzado de Operaci\u00f3n de Sistemas de Potencia y un M\u00e1ster en Ingenier\u00eda de Sistemas. En el Curso de Extensi\u00f3n en Derecho de Electricidad, en la Universidad Candido [&hellip;]\" \/>\n<meta property=\"og:url\" content=\"https:\/\/ntjtec.com\/en\/nosso-time\/\" \/>\n<meta property=\"og:site_name\" content=\"Ntjtec\" \/>\n<meta property=\"article:modified_time\" content=\"2019-12-02T22:17:38+00:00\" \/>\n<meta property=\"og:image\" content=\"https:\/\/www.wesee.eng.br\/wp-content\/uploads\/2013\/12\/01-Ivana-site-150x150.jpg\" \/>\n<meta name=\"twitter:card\" content=\"summary_large_image\" \/>\n<meta name=\"twitter:label1\" content=\"Tiempo de lectura\" \/>\n\t<meta name=\"twitter:data1\" content=\"19 minutos\" \/>\n<script type=\"application\/ld+json\" class=\"yoast-schema-graph\">{\"@context\":\"https:\/\/schema.org\",\"@graph\":[{\"@type\":\"WebPage\",\"@id\":\"https:\/\/ntjtec.com\/en\/nosso-time\/\",\"url\":\"https:\/\/ntjtec.com\/en\/nosso-time\/\",\"name\":\"Nuestro equipo - Ntjtec\",\"isPartOf\":{\"@id\":\"https:\/\/ntjtec.com\/#website\"},\"datePublished\":\"2014-02-13T19:42:15+00:00\",\"dateModified\":\"2019-12-02T22:17:38+00:00\",\"breadcrumb\":{\"@id\":\"https:\/\/ntjtec.com\/en\/nosso-time\/#breadcrumb\"},\"inLanguage\":\"es\",\"potentialAction\":[{\"@type\":\"ReadAction\",\"target\":[\"https:\/\/ntjtec.com\/en\/nosso-time\/\"]}]},{\"@type\":\"BreadcrumbList\",\"@id\":\"https:\/\/ntjtec.com\/en\/nosso-time\/#breadcrumb\",\"itemListElement\":[{\"@type\":\"ListItem\",\"position\":1,\"name\":\"In\u00edcio\",\"item\":\"https:\/\/ntjtec.com\/\"},{\"@type\":\"ListItem\",\"position\":2,\"name\":\"Our team\"}]},{\"@type\":\"WebSite\",\"@id\":\"https:\/\/ntjtec.com\/#website\",\"url\":\"https:\/\/ntjtec.com\/\",\"name\":\"Ntjtec\",\"description\":\"\",\"potentialAction\":[{\"@type\":\"SearchAction\",\"target\":{\"@type\":\"EntryPoint\",\"urlTemplate\":\"https:\/\/ntjtec.com\/?s={search_term_string}\"},\"query-input\":\"required name=search_term_string\"}],\"inLanguage\":\"es\"}]}<\/script>\n<!-- \/ Yoast SEO plugin. -->","yoast_head_json":{"title":"Nuestro equipo - Ntjtec","robots":{"index":"index","follow":"follow","max-snippet":"max-snippet:-1","max-image-preview":"max-image-preview:large","max-video-preview":"max-video-preview:-1"},"canonical":"https:\/\/ntjtec.com\/en\/nosso-time\/","og_locale":"es_ES","og_type":"article","og_title":"Nuestro equipo - Ntjtec","og_description":"Ivana Costa Nasser Ingeniera Electricista, graduada en la Universidad Federal de Rio de Janeiro en 1981. En la Universidad Estatal de Campinas (Unicamp), en 1992, hizo el Curso Avanzado de Operaci\u00f3n de Sistemas de Potencia y un M\u00e1ster en Ingenier\u00eda de Sistemas. En el Curso de Extensi\u00f3n en Derecho de Electricidad, en la Universidad Candido [&hellip;]","og_url":"https:\/\/ntjtec.com\/en\/nosso-time\/","og_site_name":"Ntjtec","article_modified_time":"2019-12-02T22:17:38+00:00","og_image":[{"url":"https:\/\/www.wesee.eng.br\/wp-content\/uploads\/2013\/12\/01-Ivana-site-150x150.jpg"}],"twitter_card":"summary_large_image","twitter_misc":{"Tiempo de lectura":"19 minutos"},"schema":{"@context":"https:\/\/schema.org","@graph":[{"@type":"WebPage","@id":"https:\/\/ntjtec.com\/en\/nosso-time\/","url":"https:\/\/ntjtec.com\/en\/nosso-time\/","name":"Nuestro equipo - Ntjtec","isPartOf":{"@id":"https:\/\/ntjtec.com\/#website"},"datePublished":"2014-02-13T19:42:15+00:00","dateModified":"2019-12-02T22:17:38+00:00","breadcrumb":{"@id":"https:\/\/ntjtec.com\/en\/nosso-time\/#breadcrumb"},"inLanguage":"es","potentialAction":[{"@type":"ReadAction","target":["https:\/\/ntjtec.com\/en\/nosso-time\/"]}]},{"@type":"BreadcrumbList","@id":"https:\/\/ntjtec.com\/en\/nosso-time\/#breadcrumb","itemListElement":[{"@type":"ListItem","position":1,"name":"In\u00edcio","item":"https:\/\/ntjtec.com\/"},{"@type":"ListItem","position":2,"name":"Our team"}]},{"@type":"WebSite","@id":"https:\/\/ntjtec.com\/#website","url":"https:\/\/ntjtec.com\/","name":"Ntjtec","description":"","potentialAction":[{"@type":"SearchAction","target":{"@type":"EntryPoint","urlTemplate":"https:\/\/ntjtec.com\/?s={search_term_string}"},"query-input":"required name=search_term_string"}],"inLanguage":"es"}]}},"_links":{"self":[{"href":"https:\/\/ntjtec.com\/es\/wp-json\/wp\/v2\/pages\/333"}],"collection":[{"href":"https:\/\/ntjtec.com\/es\/wp-json\/wp\/v2\/pages"}],"about":[{"href":"https:\/\/ntjtec.com\/es\/wp-json\/wp\/v2\/types\/page"}],"author":[{"embeddable":true,"href":"https:\/\/ntjtec.com\/es\/wp-json\/wp\/v2\/users\/2"}],"replies":[{"embeddable":true,"href":"https:\/\/ntjtec.com\/es\/wp-json\/wp\/v2\/comments?post=333"}],"version-history":[{"count":124,"href":"https:\/\/ntjtec.com\/es\/wp-json\/wp\/v2\/pages\/333\/revisions"}],"predecessor-version":[{"id":1388,"href":"https:\/\/ntjtec.com\/es\/wp-json\/wp\/v2\/pages\/333\/revisions\/1388"}],"wp:attachment":[{"href":"https:\/\/ntjtec.com\/es\/wp-json\/wp\/v2\/media?parent=333"}],"curies":[{"name":"wp","href":"https:\/\/api.w.org\/{rel}","templated":true}]}}