{"id":539,"date":"2014-03-23T21:21:04","date_gmt":"2014-03-24T00:21:04","guid":{"rendered":"http:\/\/wesee.anapaiva.me\/?page_id=539"},"modified":"2016-07-01T07:43:45","modified_gmt":"2016-07-01T10:43:45","slug":"servicos","status":"publish","type":"page","link":"https:\/\/ntjtec.com\/en\/servicos\/","title":{"rendered":"Services"},"content":{"rendered":"<p><\/p>\n<h3 style=\"text-align: left;\">We work in two main areas:<\/h3>\n<h4 style=\"text-align: left;\"><strong>1.<\/strong> Consulting<br \/>\n<strong>2.<\/strong>\u00a0Strategic R&amp;D<\/h4>\n<p style=\"text-align: left;\"><a style=\"line-height: 1.5em;\" href=\"https:\/\/www.wesee.eng.br\/wp-content\/uploads\/2014\/03\/atuacao-wesee.jpg\"><img decoding=\"async\" loading=\"lazy\" class=\"alignnone wp-image-540 size-full\" src=\"https:\/\/www.wesee.eng.br\/wp-content\/uploads\/2014\/03\/atuacao-wesee.jpg\" alt=\"atuacao-wesee\" width=\"1000\" height=\"368\" srcset=\"https:\/\/ntjtec.com\/wp-content\/uploads\/2014\/03\/atuacao-wesee.jpg 1000w, https:\/\/ntjtec.com\/wp-content\/uploads\/2014\/03\/atuacao-wesee-300x110.jpg 300w\" sizes=\"(max-width: 1000px) 100vw, 1000px\" \/><\/a><\/p>\n<h4 style=\"text-align: left;\">Learn more about each one and feel free to schedule an appointment with our team. We will be pleased to present you our way of working in details!<\/h4>\n<h3 style=\"text-align: left;\"><strong>Consultancy<\/strong><\/h3>\n<p style=\"text-align: left;\">We have experts from different consultancy areas in our team, including regulatory and operational (technical and commercial). We also perform studies for the development of simulators, training in engineering systems. We also operate in areas with specific needs in the energy sector. Get to know each one!<\/p>\n<h3 style=\"text-align: left;\"><strong>Regulatory Consultancy<\/strong><\/h3>\n<p>By monitoring legal regulations involving laws and decrees, we provide advice on regulation of power generation and marketing, including participation in arbitrations through technical expertise.<\/p>\n<h3 style=\"text-align: left;\"><strong>Technical and Commercial Consultancy<\/strong><\/h3>\n<p style=\"text-align: left;\">We have in our team a professional who is also an auditor in the Electric Energy Commercialization Chamber (C\u00e2mara de Comercializa\u00e7\u00e3o de Energia El\u00e9trica &#8211; CCEE). In addition to that, we have our own proprietary software to support our decisions and guidelines.<\/p>\n<p>We conduct studies in energy, involving analysis of economic and financial feasibility of energy production enterprises, price forecasting in the short-term market, assessment of decennial plans for energy expansion, forecasting of thermoelectric dispatch, support for energy auctions, energy and hydrological studies in general, operation planning studies, generation reliability studies, and energy transmission studies.<\/p>\n<p>We conduct studies and formulate strategies related to energy trading, and evaluate assets linked to the electricity sector.<\/p>\n<p>In the product development area, we have expertise to develop dynamic simulators in order to model the behavior of specific systems, such as: management of financial or human resources, environment, infrastructure, electricity, among others. We develop simulators for PCH operation, management models for biomass plants, as well as dynamic models for managing portfolios of assets in the electricity sector.<\/p>\n<h3 style=\"text-align: left;\"><strong>Training for Electrical Energy Systems<\/strong><\/h3>\n<p style=\"text-align: left;\"><span style=\"line-height: 1.5;\">In the training area, we develop technological training for the use of electric industry tools such as NEWAVE, DECOMP, and MSUI, as well as technical training focused on topics such as energy production, trading, and system planning, among others.<\/span><\/p>\n<h3 style=\"text-align: left;\"><strong>System Dynamics Training<\/strong><\/h3>\n<p style=\"text-align: left;\">We offer training in system dynamics, through specific teaching materials and support software, such as Vensim and Stella. Emphasis on facilitation and training of the Beer Game.<\/p>\n<h3><strong>Research &amp; Development<\/strong><\/h3>\n<p>The energy sector is going through constant innovation. After all, some energy companies allocate 1.5% of their gross operating revenues for research, due to regulatory obligations. We see this area as a great opportunity for customers and partners. And we feel very enthusiastic about overcoming challenges!<\/p>\n<p>We carry out R&amp;D projects in energy production \/ distribution.<\/p>","protected":false},"excerpt":{"rendered":"<p>We work in two main areas: 1. Consulting 2.\u00a0Strategic R&amp;D Learn more about each one and feel free to schedule an appointment with our team. We will be pleased to present you our way of working in details! Consultancy We have experts from different consultancy areas in our team, including regulatory and operational (technical and [&hellip;]<\/p>\n","protected":false},"author":2,"featured_media":0,"parent":0,"menu_order":0,"comment_status":"open","ping_status":"closed","template":"","meta":[],"yoast_head":"<!-- This site is optimized with the Yoast SEO plugin v21.8.1 - https:\/\/yoast.com\/wordpress\/plugins\/seo\/ -->\n<title>Services - Ntjtec<\/title>\n<meta name=\"robots\" content=\"index, follow, max-snippet:-1, max-image-preview:large, max-video-preview:-1\" \/>\n<link rel=\"canonical\" href=\"https:\/\/ntjtec.com\/servicos\/\" \/>\n<meta property=\"og:locale\" content=\"en_US\" \/>\n<meta property=\"og:type\" content=\"article\" \/>\n<meta property=\"og:title\" content=\"Services - Ntjtec\" \/>\n<meta property=\"og:description\" content=\"We work in two main areas: 1. Consulting 2.\u00a0Strategic R&amp;D Learn more about each one and feel free to schedule an appointment with our team. We will be pleased to present you our way of working in details! Consultancy We have experts from different consultancy areas in our team, including regulatory and operational (technical and [&hellip;]\" \/>\n<meta property=\"og:url\" content=\"https:\/\/ntjtec.com\/servicos\/\" \/>\n<meta property=\"og:site_name\" content=\"Ntjtec\" \/>\n<meta property=\"article:modified_time\" content=\"2016-07-01T10:43:45+00:00\" \/>\n<meta property=\"og:image\" content=\"https:\/\/www.wesee.eng.br\/wp-content\/uploads\/2014\/03\/atuacao-wesee.jpg\" \/>\n<meta name=\"twitter:card\" content=\"summary_large_image\" \/>\n<meta name=\"twitter:label1\" content=\"Est. reading time\" \/>\n\t<meta name=\"twitter:data1\" content=\"8 minutes\" \/>\n<script type=\"application\/ld+json\" class=\"yoast-schema-graph\">{\"@context\":\"https:\/\/schema.org\",\"@graph\":[{\"@type\":\"WebPage\",\"@id\":\"https:\/\/ntjtec.com\/servicos\/\",\"url\":\"https:\/\/ntjtec.com\/servicos\/\",\"name\":\"Services - Ntjtec\",\"isPartOf\":{\"@id\":\"https:\/\/ntjtec.com\/#website\"},\"datePublished\":\"2014-03-24T00:21:04+00:00\",\"dateModified\":\"2016-07-01T10:43:45+00:00\",\"breadcrumb\":{\"@id\":\"https:\/\/ntjtec.com\/servicos\/#breadcrumb\"},\"inLanguage\":\"en-US\",\"potentialAction\":[{\"@type\":\"ReadAction\",\"target\":[\"https:\/\/ntjtec.com\/servicos\/\"]}]},{\"@type\":\"BreadcrumbList\",\"@id\":\"https:\/\/ntjtec.com\/servicos\/#breadcrumb\",\"itemListElement\":[{\"@type\":\"ListItem\",\"position\":1,\"name\":\"In\u00edcio\",\"item\":\"https:\/\/ntjtec.com\/\"},{\"@type\":\"ListItem\",\"position\":2,\"name\":\"Servi\u00e7os\"}]},{\"@type\":\"WebSite\",\"@id\":\"https:\/\/ntjtec.com\/#website\",\"url\":\"https:\/\/ntjtec.com\/\",\"name\":\"Ntjtec\",\"description\":\"\",\"potentialAction\":[{\"@type\":\"SearchAction\",\"target\":{\"@type\":\"EntryPoint\",\"urlTemplate\":\"https:\/\/ntjtec.com\/?s={search_term_string}\"},\"query-input\":\"required name=search_term_string\"}],\"inLanguage\":\"en-US\"}]}<\/script>\n<!-- \/ Yoast SEO plugin. -->","yoast_head_json":{"title":"Services - Ntjtec","robots":{"index":"index","follow":"follow","max-snippet":"max-snippet:-1","max-image-preview":"max-image-preview:large","max-video-preview":"max-video-preview:-1"},"canonical":"https:\/\/ntjtec.com\/servicos\/","og_locale":"en_US","og_type":"article","og_title":"Services - Ntjtec","og_description":"We work in two main areas: 1. Consulting 2.\u00a0Strategic R&amp;D Learn more about each one and feel free to schedule an appointment with our team. We will be pleased to present you our way of working in details! Consultancy We have experts from different consultancy areas in our team, including regulatory and operational (technical and [&hellip;]","og_url":"https:\/\/ntjtec.com\/servicos\/","og_site_name":"Ntjtec","article_modified_time":"2016-07-01T10:43:45+00:00","og_image":[{"url":"https:\/\/www.wesee.eng.br\/wp-content\/uploads\/2014\/03\/atuacao-wesee.jpg"}],"twitter_card":"summary_large_image","twitter_misc":{"Est. reading time":"8 minutes"},"schema":{"@context":"https:\/\/schema.org","@graph":[{"@type":"WebPage","@id":"https:\/\/ntjtec.com\/servicos\/","url":"https:\/\/ntjtec.com\/servicos\/","name":"Services - Ntjtec","isPartOf":{"@id":"https:\/\/ntjtec.com\/#website"},"datePublished":"2014-03-24T00:21:04+00:00","dateModified":"2016-07-01T10:43:45+00:00","breadcrumb":{"@id":"https:\/\/ntjtec.com\/servicos\/#breadcrumb"},"inLanguage":"en-US","potentialAction":[{"@type":"ReadAction","target":["https:\/\/ntjtec.com\/servicos\/"]}]},{"@type":"BreadcrumbList","@id":"https:\/\/ntjtec.com\/servicos\/#breadcrumb","itemListElement":[{"@type":"ListItem","position":1,"name":"In\u00edcio","item":"https:\/\/ntjtec.com\/"},{"@type":"ListItem","position":2,"name":"Servi\u00e7os"}]},{"@type":"WebSite","@id":"https:\/\/ntjtec.com\/#website","url":"https:\/\/ntjtec.com\/","name":"Ntjtec","description":"","potentialAction":[{"@type":"SearchAction","target":{"@type":"EntryPoint","urlTemplate":"https:\/\/ntjtec.com\/?s={search_term_string}"},"query-input":"required name=search_term_string"}],"inLanguage":"en-US"}]}},"_links":{"self":[{"href":"https:\/\/ntjtec.com\/en\/wp-json\/wp\/v2\/pages\/539"}],"collection":[{"href":"https:\/\/ntjtec.com\/en\/wp-json\/wp\/v2\/pages"}],"about":[{"href":"https:\/\/ntjtec.com\/en\/wp-json\/wp\/v2\/types\/page"}],"author":[{"embeddable":true,"href":"https:\/\/ntjtec.com\/en\/wp-json\/wp\/v2\/users\/2"}],"replies":[{"embeddable":true,"href":"https:\/\/ntjtec.com\/en\/wp-json\/wp\/v2\/comments?post=539"}],"version-history":[{"count":54,"href":"https:\/\/ntjtec.com\/en\/wp-json\/wp\/v2\/pages\/539\/revisions"}],"predecessor-version":[{"id":1252,"href":"https:\/\/ntjtec.com\/en\/wp-json\/wp\/v2\/pages\/539\/revisions\/1252"}],"wp:attachment":[{"href":"https:\/\/ntjtec.com\/en\/wp-json\/wp\/v2\/media?parent=539"}],"curies":[{"name":"wp","href":"https:\/\/api.w.org\/{rel}","templated":true}]}}