{"id":147,"date":"2013-12-18T15:25:13","date_gmt":"2013-12-18T15:25:13","guid":{"rendered":"http:\/\/wordpress.novarostudio.com\/servereza\/?page_id=147"},"modified":"2019-10-17T09:07:47","modified_gmt":"2019-10-17T12:07:47","slug":"home-layout-2","status":"publish","type":"page","link":"https:\/\/ntjtec.com\/en\/","title":{"rendered":"Home"},"content":{"rendered":"<p><\/p>\n<section id=\"columns\">\n<div class=\"container\">\n<div class=\"row\">\n<div class=\"one_third columns\">\n<div class=\"hostingtable\">\n<div class=\"hostingtitle\">\n<h4>Publications<\/h4>\n<\/p><\/div>\n<div class=\"hostingprice\"><\/div>\n<div class=\"hostingcontent\">\n<ul>\n<li>\n<div class=\"f1\"><\/div>\n<\/li>\n<li><a href=\"https:\/\/ntjtec.com\/en\/avaliacao-da-viabilidade-juridica-para-a-inclusao-de-elementos-de-mercado-no-calculo-do-pld\/\">Avalia\u00e7\u00e3o da viabilidade jur\u00eddica para a inclus\u00e3o de elementos de mercado no c\u00e1lculo do PLD<\/a><\/li>\n<li><a href=\"https:\/\/ntjtec.com\/en\/comercializacao-de-energia-e-gerencia-de-riscos-no-setor-eletrico-brasileiro-2\/\">Comercializa\u00e7\u00e3o de Energia e Ger\u00eancia de Riscos no Setor El\u00e9trico Brasileiro<\/a><\/li>\n<\/ul><\/div>\n<div class=\"hostingbutton\">\n\t\t\t\t\t<a class=\"button\" href=\"\/category\/publicacoes\/\">See more<\/a><\/div>\n<\/p><\/div>\n<\/p><\/div>\n<div class=\"one_third columns\">\n<div class=\"hostingtable\">\n<div class=\"hostingtitle\">\n<h4>Services<\/h4>\n<\/div>\n<div class=\"hostingprice\"><\/div>\n<div class=\"hostingcontent\">\n<ul>\n<li>\n<div class=\"f2\"><\/div>\n<\/li>\n<li>Energy Regulation<\/li>\n<li>Market Studies<\/li>\n<li>R &amp; D<\/li>\n<li>System Dynamics Modeling<\/li>\n<\/ul>\n<\/div>\n<div class=\"hostingbutton\"><a class=\"button\" href=\"http:\/\/ntjtec.com\/en\/servicos\/\">See more<\/a><\/div>\n<\/div>\n<\/div>\n<div class=\"one_third columns\">\n<div class=\"hostingtable\">\n<div class=\"hostingtitle\">\n<h4>Ntjtec<\/h4>\n<\/div>\n<div class=\"hostingprice\"><\/div>\n<div class=\"hostingcontent\">\n<ul>\n<li style=\"list-style-type: none;\">\n<ul><!-- imagem do bloco --><\/ul>\n<\/li>\n<\/ul>\n<ul>\n<li>\n<div class=\"f3\"><\/div>\n<\/li>\n<li>Ivana Costa Nasser<\/li>\n<li>Marciano Morozowski Filho<\/li>\n<\/ul>\n<\/div>\n<div class=\"hostingbutton\"><a class=\"button\" href=\"http:\/\/ntjtec.com\/en\/nosso-time\/\">See more<\/a><\/div>\n<\/div>\n<\/div>\n<div class=\"clearfix\"><\/div>\n<hr \/>\n<div id=\"content\" style=\"text-align: center;\">\n<h2>We understand the energy industry and we want to share this knowledge with our clients.<\/h2>\n<p>We care about Environment and We are aware of the energy industry role on our planet sustainability!<\/p>\n<div style=\"width: 100%; margin: 20px;\"><\/div>\n<div class=\"one_third columns\">\n<ul class=\"marginoff timeline right\">\n<li class=\"last\"><!-- img class=\"alignright\" src=\"\/wp-content\/uploads\/2014\/03\/icon1.png\" alt=\"\" \/ --><br \/>\n<h4 class=\"marginoff textright\">Generation<\/h4>\n<p class=\"textright\">We know how to evaluate the economic feasibility of generation projects.<\/p>\n<\/li>\n<\/ul>\n<\/div>\n<div class=\"one_third columns\"><img decoding=\"async\" loading=\"lazy\" class=\"alignleft size-full wp-image-1311\" src=\"https:\/\/www.wesee.eng.br\/wp-content\/uploads\/2019\/09\/brasil.png\" alt=\"\" width=\"260\" height=\"262\" srcset=\"https:\/\/ntjtec.com\/wp-content\/uploads\/2019\/09\/brasil.png 260w, https:\/\/ntjtec.com\/wp-content\/uploads\/2019\/09\/brasil-150x150.png 150w, https:\/\/ntjtec.com\/wp-content\/uploads\/2019\/09\/brasil-100x100.png 100w\" sizes=\"(max-width: 260px) 100vw, 260px\" \/><\/div>\n<div class=\"one_third columns\">\n<ul class=\"marginoff timeline left\">\n<li class=\"last\"><!-- img class=\"alignleft\" src=\"\/wp-content\/uploads\/2014\/03\/icon3.png\" alt=\"\" \/ --><br \/>\n<h4 class=\"marginoff textleft\">Energy Trading support<\/h4>\n<p class=\"textleft\">We work seeking the best performances for our clients, optimizing their goals and results.<\/p>\n<div class=\"clearfix\"><\/div>\n<\/li>\n<\/ul>\n<\/div>\n<hr \/>\n<div id=\"customers\">\n<h2>Some of our clients<\/h2>\n<p>We work close to our clients, sharing ideas and finding the best way. We act commited with the defined goals! <\/p>\n<div class=\"brand \">\n<div class=\"flexslider-carousel row\">\n<ul class=\"slides\">\n<li>\n<div class=\"cr-item-container\"><a href=\"http:\/\/www.alupar.com\/alupar\/web\/default_pti.asp?idioma=0&#038;conta=45\" target=\"_blank\"><img decoding=\"async\" src=\"https:\/\/ntjtec.com\/wp-content\/uploads\/2014\/03\/alupar.jpg\" alt=\"\" \/><\/a><\/div>\n<\/li>\n<li>\n<div class=\"cr-item-container\"><a href=\"http:\/\/www.epe.gov.br\/Paginas\/default.aspx\" target=\"_blank\"><img decoding=\"async\" src=\"https:\/\/ntjtec.com\/wp-content\/uploads\/2014\/03\/epe.jpg\" alt=\"\" \/><\/a><\/div>\n<\/li>\n<li>\n<div class=\"cr-item-container\"><a href=\"http:\/\/www.vale.com\/PT\/Paginas\/Landing.aspx\" target=\"_blank\"><img decoding=\"async\" src=\"https:\/\/ntjtec.com\/wp-content\/uploads\/2014\/03\/vale.jpg\" alt=\"\" \/><\/a><\/div>\n<\/li>\n<li>\n<div class=\"cr-item-container\"><a href=\"http:\/\/www.venergia.com.br\/Paginas\/default.aspx\" target=\"_blank\"><img decoding=\"async\" src=\"https:\/\/ntjtec.com\/wp-content\/uploads\/2014\/03\/votorantin-energia.jpg\" alt=\"\" \/><\/a><\/div>\n<\/li>\n<li>\n<div class=\"cr-item-container\"><a href=\"http:\/\/www.tractebelenergia.com.br\/wps\/portal\/internet\" target=\"_blank\"><img decoding=\"async\" src=\"https:\/\/ntjtec.com\/wp-content\/uploads\/2014\/03\/tractebel.jpg\" alt=\"\" \/><\/a><\/div>\n<\/li>\n<li>\n<div class=\"cr-item-container\"><a href=\"http:\/\/www.nera.com\/59_811.htm\" target=\"_blank\"><img decoding=\"async\" src=\"https:\/\/ntjtec.com\/wp-content\/uploads\/2014\/03\/nera.jpg\" alt=\"\" \/><\/a><\/div>\n<\/li>\n<li>\n<div class=\"cr-item-container\"><a href=\"http:\/\/www.iadb.org\/pt\/banco-interamericano-de-desenvolvimento,2837.html\" target=\"_blank\"><img decoding=\"async\" src=\"https:\/\/ntjtec.com\/wp-content\/uploads\/2014\/03\/bid.jpg\" alt=\"\" \/><\/a><\/div>\n<\/li>\n<li>\n<div class=\"cr-item-container\"><a href=\"http:\/\/www.unica.com.br\/noticia\/21424699920315473668\/energia-extraida-da-cana-pode-potencializar-matriz-energetica-paulista-por-cento2C-afirma-unica\/\" target=\"_blank\"><img decoding=\"async\" src=\"https:\/\/ntjtec.com\/wp-content\/uploads\/2014\/03\/unica.jpg\" alt=\"\" \/><\/a><\/div>\n<\/li>\n<li>\n<div class=\"cr-item-container\"><a href=\"http:\/\/www.abraget.com.br\/zpublisher\/secoes\/home.asp\" target=\"_blank\"><img decoding=\"async\" src=\"https:\/\/ntjtec.com\/wp-content\/uploads\/2014\/03\/abraget.jpg\" alt=\"\" \/><\/a><\/div>\n<\/li>\n<li>\n<div class=\"cr-item-container\"><a href=\"http:\/\/www.apine.com.br\/site\/zpublisher\/secoes\/home.asp\" target=\"_blank\"><img decoding=\"async\" src=\"https:\/\/ntjtec.com\/wp-content\/uploads\/2014\/03\/apine.jpg\" alt=\"\" \/><\/a><\/div>\n<\/li>\n<li>\n<div class=\"cr-item-container\"><a href=\"http:\/\/www.gruposerveng.com.br\/\" target=\"_blank\"><img decoding=\"async\" src=\"https:\/\/ntjtec.com\/wp-content\/uploads\/2014\/03\/wesee-clientes-serveng2.jpg\" alt=\"\" \/><\/a><\/div>\n<\/li>\n<li>\n<div class=\"cr-item-container\"><a href=\"http:\/\/www.cpfl.com.br\/\" target=\"_blank\"><img decoding=\"async\" src=\"https:\/\/ntjtec.com\/wp-content\/uploads\/2014\/03\/wesee-CPFL2.jpg\" alt=\"\" \/><\/a><\/div>\n<\/li>\n<li>\n<div class=\"cr-item-container\"><a href=\"http:\/\/www.ey.com\/BR\/pt\/Home\" target=\"_blank\"><img decoding=\"async\" src=\"https:\/\/ntjtec.com\/wp-content\/uploads\/2014\/03\/wesee-clientes-EY2.jpg\" alt=\"\" \/><\/a><\/div>\n<\/li>\n<li>\n<div class=\"cr-item-container\"><a href=\"http:\/\/www.bioenergias.com.br\/\" target=\"_blank\"><img decoding=\"async\" src=\"https:\/\/ntjtec.com\/wp-content\/uploads\/2014\/03\/wesee-clientes-bio2.jpg\" alt=\"\" \/><\/a><\/div>\n<\/li>\n<li>\n<div class=\"cr-item-container\"><a href=\"http:\/\/novaenergia.com.br\/\" target=\"_blank\"><img decoding=\"async\" src=\"https:\/\/ntjtec.com\/wp-content\/uploads\/2014\/03\/wesee-clientes-nova2.jpg\" alt=\"\" \/><\/a><\/div>\n<\/li>\n<li>\n<div class=\"cr-item-container\"><a href=\"http:\/\/www.alstom.com\/brazil\/pt\/\" target=\"_blank\"><img decoding=\"async\" src=\"https:\/\/ntjtec.com\/wp-content\/uploads\/2014\/03\/wesee-clientes-alstom2.jpg\" alt=\"\" \/><\/a><\/div>\n<\/li>\n<li>\n<div class=\"cr-item-container\"><a href=\"http:\/\/www.andritz.com\/\" target=\"_blank\"><img decoding=\"async\" src=\"https:\/\/ntjtec.com\/wp-content\/uploads\/2014\/03\/wesee-clientes-andritz2.jpg\" alt=\"\" \/><\/a><\/div>\n<\/li>\n<li>\n<div class=\"cr-item-container\"><a href=\"http:\/\/www.energiasustentaveldobrasil.com.br\/\" target=\"_blank\"><img decoding=\"async\" src=\"https:\/\/ntjtec.com\/wp-content\/uploads\/2014\/03\/wesee-clientes-esbr2.jpg\" alt=\"\" \/><\/a><\/div>\n<\/li>\n<li>\n<div class=\"cr-item-container\"><a href=\"http:\/\/www.gdfsuezla.com\/pt\/our-group\/\" target=\"_blank\"><img decoding=\"async\" src=\"https:\/\/ntjtec.com\/wp-content\/uploads\/2014\/03\/wesee-clientes-suez2.jpg\" alt=\"\" \/><\/a><\/div>\n<\/li>\n<li>\n<div class=\"cr-item-container\"><a href=\"http:\/\/www.cesp.com.br\/\" target=\"_blank\"><img decoding=\"async\" src=\"https:\/\/ntjtec.com\/wp-content\/uploads\/2014\/03\/wesee-clientes-cesp2.jpg\" alt=\"\" \/><\/a><\/div>\n<\/li>\n<li>\n<div class=\"cr-item-container\"><a href=\"http:\/\/www.siemens.com\/answers\/br\/pt\/\" target=\"_blank\"><img decoding=\"async\" src=\"https:\/\/ntjtec.com\/wp-content\/uploads\/2014\/03\/wesee-clientes-siemens2.jpg\" alt=\"\" \/><\/a><\/div>\n<\/li>\n<\/ul>\n<\/div>\n<\/div>\n<\/div>\n<\/div>\n<\/div>\n<\/div>\n<\/section>\n<p><\/p>","protected":false},"excerpt":{"rendered":"<p>Services Energy Regulation Market Studies R &amp; D System Dynamics Modeling See more Ntjtec Ivana Costa Nasser Marciano Morozowski Filho See more We understand the energy industry and we want to share this knowledge with our clients. We care about Environment and We are aware of the energy industry role on our planet sustainability! Generation [&hellip;]<\/p>\n","protected":false},"author":2,"featured_media":0,"parent":0,"menu_order":0,"comment_status":"closed","ping_status":"closed","template":"","meta":[],"yoast_head":"<!-- This site is optimized with the Yoast SEO plugin v21.8.1 - https:\/\/yoast.com\/wordpress\/plugins\/seo\/ -->\n<title>Home - Ntjtec<\/title>\n<meta name=\"robots\" content=\"index, follow, max-snippet:-1, max-image-preview:large, max-video-preview:-1\" \/>\n<link rel=\"canonical\" href=\"https:\/\/ntjtec.com\/\" \/>\n<meta property=\"og:locale\" content=\"en_US\" \/>\n<meta property=\"og:type\" content=\"article\" \/>\n<meta property=\"og:title\" content=\"Home - Ntjtec\" \/>\n<meta property=\"og:description\" content=\"Services Energy Regulation Market Studies R &amp; D System Dynamics Modeling See more Ntjtec Ivana Costa Nasser Marciano Morozowski Filho See more We understand the energy industry and we want to share this knowledge with our clients. We care about Environment and We are aware of the energy industry role on our planet sustainability! Generation [&hellip;]\" \/>\n<meta property=\"og:url\" content=\"https:\/\/ntjtec.com\/\" \/>\n<meta property=\"og:site_name\" content=\"Ntjtec\" \/>\n<meta property=\"article:modified_time\" content=\"2019-10-17T12:07:47+00:00\" \/>\n<meta name=\"twitter:card\" content=\"summary_large_image\" \/>\n<meta name=\"twitter:label1\" content=\"Est. reading time\" \/>\n\t<meta name=\"twitter:data1\" content=\"2 minutes\" \/>\n<script type=\"application\/ld+json\" class=\"yoast-schema-graph\">{\"@context\":\"https:\/\/schema.org\",\"@graph\":[{\"@type\":\"WebPage\",\"@id\":\"https:\/\/ntjtec.com\/\",\"url\":\"https:\/\/ntjtec.com\/\",\"name\":\"Home - Ntjtec\",\"isPartOf\":{\"@id\":\"https:\/\/ntjtec.com\/#website\"},\"datePublished\":\"2013-12-18T15:25:13+00:00\",\"dateModified\":\"2019-10-17T12:07:47+00:00\",\"breadcrumb\":{\"@id\":\"https:\/\/ntjtec.com\/#breadcrumb\"},\"inLanguage\":\"en-US\",\"potentialAction\":[{\"@type\":\"ReadAction\",\"target\":[\"https:\/\/ntjtec.com\/\"]}]},{\"@type\":\"BreadcrumbList\",\"@id\":\"https:\/\/ntjtec.com\/#breadcrumb\",\"itemListElement\":[{\"@type\":\"ListItem\",\"position\":1,\"name\":\"In\u00edcio\",\"item\":\"https:\/\/ntjtec.com\/\"},{\"@type\":\"ListItem\",\"position\":2,\"name\":\"Home\"}]},{\"@type\":\"WebSite\",\"@id\":\"https:\/\/ntjtec.com\/#website\",\"url\":\"https:\/\/ntjtec.com\/\",\"name\":\"Ntjtec\",\"description\":\"\",\"potentialAction\":[{\"@type\":\"SearchAction\",\"target\":{\"@type\":\"EntryPoint\",\"urlTemplate\":\"https:\/\/ntjtec.com\/?s={search_term_string}\"},\"query-input\":\"required name=search_term_string\"}],\"inLanguage\":\"en-US\"}]}<\/script>\n<!-- \/ Yoast SEO plugin. -->","yoast_head_json":{"title":"Home - Ntjtec","robots":{"index":"index","follow":"follow","max-snippet":"max-snippet:-1","max-image-preview":"max-image-preview:large","max-video-preview":"max-video-preview:-1"},"canonical":"https:\/\/ntjtec.com\/","og_locale":"en_US","og_type":"article","og_title":"Home - Ntjtec","og_description":"Services Energy Regulation Market Studies R &amp; D System Dynamics Modeling See more Ntjtec Ivana Costa Nasser Marciano Morozowski Filho See more We understand the energy industry and we want to share this knowledge with our clients. We care about Environment and We are aware of the energy industry role on our planet sustainability! Generation [&hellip;]","og_url":"https:\/\/ntjtec.com\/","og_site_name":"Ntjtec","article_modified_time":"2019-10-17T12:07:47+00:00","twitter_card":"summary_large_image","twitter_misc":{"Est. reading time":"2 minutes"},"schema":{"@context":"https:\/\/schema.org","@graph":[{"@type":"WebPage","@id":"https:\/\/ntjtec.com\/","url":"https:\/\/ntjtec.com\/","name":"Home - Ntjtec","isPartOf":{"@id":"https:\/\/ntjtec.com\/#website"},"datePublished":"2013-12-18T15:25:13+00:00","dateModified":"2019-10-17T12:07:47+00:00","breadcrumb":{"@id":"https:\/\/ntjtec.com\/#breadcrumb"},"inLanguage":"en-US","potentialAction":[{"@type":"ReadAction","target":["https:\/\/ntjtec.com\/"]}]},{"@type":"BreadcrumbList","@id":"https:\/\/ntjtec.com\/#breadcrumb","itemListElement":[{"@type":"ListItem","position":1,"name":"In\u00edcio","item":"https:\/\/ntjtec.com\/"},{"@type":"ListItem","position":2,"name":"Home"}]},{"@type":"WebSite","@id":"https:\/\/ntjtec.com\/#website","url":"https:\/\/ntjtec.com\/","name":"Ntjtec","description":"","potentialAction":[{"@type":"SearchAction","target":{"@type":"EntryPoint","urlTemplate":"https:\/\/ntjtec.com\/?s={search_term_string}"},"query-input":"required name=search_term_string"}],"inLanguage":"en-US"}]}},"_links":{"self":[{"href":"https:\/\/ntjtec.com\/en\/wp-json\/wp\/v2\/pages\/147"}],"collection":[{"href":"https:\/\/ntjtec.com\/en\/wp-json\/wp\/v2\/pages"}],"about":[{"href":"https:\/\/ntjtec.com\/en\/wp-json\/wp\/v2\/types\/page"}],"author":[{"embeddable":true,"href":"https:\/\/ntjtec.com\/en\/wp-json\/wp\/v2\/users\/2"}],"replies":[{"embeddable":true,"href":"https:\/\/ntjtec.com\/en\/wp-json\/wp\/v2\/comments?post=147"}],"version-history":[{"count":60,"href":"https:\/\/ntjtec.com\/en\/wp-json\/wp\/v2\/pages\/147\/revisions"}],"predecessor-version":[{"id":1358,"href":"https:\/\/ntjtec.com\/en\/wp-json\/wp\/v2\/pages\/147\/revisions\/1358"}],"wp:attachment":[{"href":"https:\/\/ntjtec.com\/en\/wp-json\/wp\/v2\/media?parent=147"}],"curies":[{"name":"wp","href":"https:\/\/api.w.org\/{rel}","templated":true}]}}